{"id":6157,"date":"2024-09-08T15:41:26","date_gmt":"2024-09-08T15:41:26","guid":{"rendered":"https:\/\/lehtorantavillas.com\/?page_id=6157"},"modified":"2026-01-13T00:50:40","modified_gmt":"2026-01-12T22:50:40","slug":"news","status":"publish","type":"page","link":"https:\/\/lehtorantavillas.com\/en\/uutiset\/","title":{"rendered":"Ajankohtaista"},"content":{"rendered":"<p>Lehtoranta Villas will be participating in the Matka Travel Fair from January 15\u201318, 2026. You are warmly welcome to visit us at the Visit Jyv\u00e4skyl\u00e4 Region stand.<\/p>\n\n\n\n<p><\/p>","protected":false},"excerpt":{"rendered":"<p>Lehtoranta Villas will be participating in the Matka Travel Fair from January 15\u201318, 2026. You are warmly welcome to visit us at the Visit Jyv\u00e4skyl\u00e4 Region stand.<\/p>","protected":false},"author":1,"featured_media":0,"parent":0,"menu_order":0,"comment_status":"closed","ping_status":"closed","template":"","meta":{"footnotes":""},"class_list":["post-6157","page","type-page","status-publish","hentry"],"yoast_head":"<!-- This site is optimized with the Yoast SEO plugin v27.4 - https:\/\/yoast.com\/product\/yoast-seo-wordpress\/ -->\n<title>Ajankohtaista - Lehtoranta Villat<\/title>\n<meta name=\"description\" content=\"Tutustu Lehtoranta Villasin ajankohtaisiin uutisiin ja p\u00e4ivityksiin. Lue lis\u00e4\u00e4 tapahtumista, tarjouksista ja uusista el\u00e4myksist\u00e4.\" \/>\n<meta name=\"robots\" content=\"index, follow, max-snippet:-1, max-image-preview:large, max-video-preview:-1\" \/>\n<link rel=\"canonical\" href=\"https:\/\/lehtorantavillas.com\/en\/news\/\" \/>\n<meta property=\"og:locale\" content=\"en_US\" \/>\n<meta property=\"og:type\" content=\"article\" \/>\n<meta property=\"og:title\" content=\"Ajankohtaista - Lehtoranta Villat\" \/>\n<meta property=\"og:description\" content=\"Tutustu Lehtoranta Villasin ajankohtaisiin uutisiin ja p\u00e4ivityksiin. Lue lis\u00e4\u00e4 tapahtumista, tarjouksista ja uusista el\u00e4myksist\u00e4.\" \/>\n<meta property=\"og:url\" content=\"https:\/\/lehtorantavillas.com\/en\/news\/\" \/>\n<meta property=\"og:site_name\" content=\"Lehtoranta Villat\" \/>\n<meta property=\"article:modified_time\" content=\"2026-01-12T22:50:40+00:00\" \/>\n<meta name=\"twitter:card\" content=\"summary_large_image\" \/>\n<meta name=\"twitter:label1\" content=\"Est. reading time\" \/>\n\t<meta name=\"twitter:data1\" content=\"1 minute\" \/>\n<script type=\"application\/ld+json\" class=\"yoast-schema-graph\">{\"@context\":\"https:\\\/\\\/schema.org\",\"@graph\":[{\"@type\":\"WebPage\",\"@id\":\"https:\\\/\\\/lehtorantavillas.com\\\/uutiset\\\/\",\"url\":\"https:\\\/\\\/lehtorantavillas.com\\\/uutiset\\\/\",\"name\":\"Ajankohtaista - Lehtoranta Villat\",\"isPartOf\":{\"@id\":\"https:\\\/\\\/lehtorantavillas.com\\\/#website\"},\"datePublished\":\"2024-09-08T15:41:26+00:00\",\"dateModified\":\"2026-01-12T22:50:40+00:00\",\"description\":\"Tutustu Lehtoranta Villasin ajankohtaisiin uutisiin ja p\u00e4ivityksiin. Lue lis\u00e4\u00e4 tapahtumista, tarjouksista ja uusista el\u00e4myksist\u00e4.\",\"breadcrumb\":{\"@id\":\"https:\\\/\\\/lehtorantavillas.com\\\/uutiset\\\/#breadcrumb\"},\"inLanguage\":\"en-US\",\"potentialAction\":[{\"@type\":\"ReadAction\",\"target\":[\"https:\\\/\\\/lehtorantavillas.com\\\/uutiset\\\/\"]}]},{\"@type\":\"BreadcrumbList\",\"@id\":\"https:\\\/\\\/lehtorantavillas.com\\\/uutiset\\\/#breadcrumb\",\"itemListElement\":[{\"@type\":\"ListItem\",\"position\":1,\"name\":\"Etusivu\",\"item\":\"https:\\\/\\\/lehtorantavillas.com\\\/\"},{\"@type\":\"ListItem\",\"position\":2,\"name\":\"Ajankohtaista\"}]},{\"@type\":\"WebSite\",\"@id\":\"https:\\\/\\\/lehtorantavillas.com\\\/#website\",\"url\":\"https:\\\/\\\/lehtorantavillas.com\\\/\",\"name\":\"Lehtoranta Villat\",\"description\":\"\",\"publisher\":{\"@id\":\"https:\\\/\\\/lehtorantavillas.com\\\/#organization\"},\"potentialAction\":[{\"@type\":\"SearchAction\",\"target\":{\"@type\":\"EntryPoint\",\"urlTemplate\":\"https:\\\/\\\/lehtorantavillas.com\\\/?s={search_term_string}\"},\"query-input\":{\"@type\":\"PropertyValueSpecification\",\"valueRequired\":true,\"valueName\":\"search_term_string\"}}],\"inLanguage\":\"en-US\"},{\"@type\":\"Organization\",\"@id\":\"https:\\\/\\\/lehtorantavillas.com\\\/#organization\",\"name\":\"Lehtoranta Villat\",\"url\":\"https:\\\/\\\/lehtorantavillas.com\\\/\",\"logo\":{\"@type\":\"ImageObject\",\"inLanguage\":\"en-US\",\"@id\":\"https:\\\/\\\/lehtorantavillas.com\\\/#\\\/schema\\\/logo\\\/image\\\/\",\"url\":\"https:\\\/\\\/lehtorantavillas.com\\\/wp-content\\\/uploads\\\/2025\\\/03\\\/Artboard-2_1.png\",\"contentUrl\":\"https:\\\/\\\/lehtorantavillas.com\\\/wp-content\\\/uploads\\\/2025\\\/03\\\/Artboard-2_1.png\",\"width\":1737,\"height\":696,\"caption\":\"Lehtoranta Villat\"},\"image\":{\"@id\":\"https:\\\/\\\/lehtorantavillas.com\\\/#\\\/schema\\\/logo\\\/image\\\/\"}}]}<\/script>\n<!-- \/ Yoast SEO plugin. -->","yoast_head_json":{"title":"News and Updates - Lehtoranta Villas","description":"Stay updated with the latest news and updates from Lehtoranta Villas. Learn about events, offers, and new experiences.","robots":{"index":"index","follow":"follow","max-snippet":"max-snippet:-1","max-image-preview":"max-image-preview:large","max-video-preview":"max-video-preview:-1"},"canonical":"https:\/\/lehtorantavillas.com\/en\/news\/","og_locale":"en_US","og_type":"article","og_title":"Ajankohtaista - Lehtoranta Villat","og_description":"Tutustu Lehtoranta Villasin ajankohtaisiin uutisiin ja p\u00e4ivityksiin. Lue lis\u00e4\u00e4 tapahtumista, tarjouksista ja uusista el\u00e4myksist\u00e4.","og_url":"https:\/\/lehtorantavillas.com\/en\/news\/","og_site_name":"Lehtoranta Villat","article_modified_time":"2026-01-12T22:50:40+00:00","twitter_card":"summary_large_image","twitter_misc":{"Est. reading time":"1 minute"},"schema":{"@context":"https:\/\/schema.org","@graph":[{"@type":"WebPage","@id":"https:\/\/lehtorantavillas.com\/uutiset\/","url":"https:\/\/lehtorantavillas.com\/uutiset\/","name":"News and Updates - Lehtoranta Villas","isPartOf":{"@id":"https:\/\/lehtorantavillas.com\/#website"},"datePublished":"2024-09-08T15:41:26+00:00","dateModified":"2026-01-12T22:50:40+00:00","description":"Stay updated with the latest news and updates from Lehtoranta Villas. Learn about events, offers, and new experiences.","breadcrumb":{"@id":"https:\/\/lehtorantavillas.com\/uutiset\/#breadcrumb"},"inLanguage":"en-US","potentialAction":[{"@type":"ReadAction","target":["https:\/\/lehtorantavillas.com\/uutiset\/"]}]},{"@type":"BreadcrumbList","@id":"https:\/\/lehtorantavillas.com\/uutiset\/#breadcrumb","itemListElement":[{"@type":"ListItem","position":1,"name":"Etusivu","item":"https:\/\/lehtorantavillas.com\/"},{"@type":"ListItem","position":2,"name":"Ajankohtaista"}]},{"@type":"WebSite","@id":"https:\/\/lehtorantavillas.com\/#website","url":"https:\/\/lehtorantavillas.com\/","name":"Lehtoranta Villas","description":"","publisher":{"@id":"https:\/\/lehtorantavillas.com\/#organization"},"potentialAction":[{"@type":"SearchAction","target":{"@type":"EntryPoint","urlTemplate":"https:\/\/lehtorantavillas.com\/?s={search_term_string}"},"query-input":{"@type":"PropertyValueSpecification","valueRequired":true,"valueName":"search_term_string"}}],"inLanguage":"en-US"},{"@type":"Organization","@id":"https:\/\/lehtorantavillas.com\/#organization","name":"Lehtoranta Villas","url":"https:\/\/lehtorantavillas.com\/","logo":{"@type":"ImageObject","inLanguage":"en-US","@id":"https:\/\/lehtorantavillas.com\/#\/schema\/logo\/image\/","url":"https:\/\/lehtorantavillas.com\/wp-content\/uploads\/2025\/03\/Artboard-2_1.png","contentUrl":"https:\/\/lehtorantavillas.com\/wp-content\/uploads\/2025\/03\/Artboard-2_1.png","width":1737,"height":696,"caption":"Lehtoranta Villat"},"image":{"@id":"https:\/\/lehtorantavillas.com\/#\/schema\/logo\/image\/"}}]}},"_links":{"self":[{"href":"https:\/\/lehtorantavillas.com\/en\/wp-json\/wp\/v2\/pages\/6157","targetHints":{"allow":["GET"]}}],"collection":[{"href":"https:\/\/lehtorantavillas.com\/en\/wp-json\/wp\/v2\/pages"}],"about":[{"href":"https:\/\/lehtorantavillas.com\/en\/wp-json\/wp\/v2\/types\/page"}],"author":[{"embeddable":true,"href":"https:\/\/lehtorantavillas.com\/en\/wp-json\/wp\/v2\/users\/1"}],"replies":[{"embeddable":true,"href":"https:\/\/lehtorantavillas.com\/en\/wp-json\/wp\/v2\/comments?post=6157"}],"version-history":[{"count":4,"href":"https:\/\/lehtorantavillas.com\/en\/wp-json\/wp\/v2\/pages\/6157\/revisions"}],"predecessor-version":[{"id":8159,"href":"https:\/\/lehtorantavillas.com\/en\/wp-json\/wp\/v2\/pages\/6157\/revisions\/8159"}],"wp:attachment":[{"href":"https:\/\/lehtorantavillas.com\/en\/wp-json\/wp\/v2\/media?parent=6157"}],"curies":[{"name":"wp","href":"https:\/\/api.w.org\/{rel}","templated":true}]}}