{"id":5547,"date":"2024-07-31T09:17:49","date_gmt":"2024-07-31T09:17:49","guid":{"rendered":"https:\/\/lehtorantavillas.com\/?page_id=5547"},"modified":"2026-04-14T18:28:20","modified_gmt":"2026-04-14T16:28:20","slug":"faq","status":"publish","type":"page","link":"https:\/\/lehtorantavillas.com\/en\/meista\/faq\/","title":{"rendered":"FAQ"},"content":{"rendered":"","protected":false},"excerpt":{"rendered":"","protected":false},"author":1,"featured_media":0,"parent":4314,"menu_order":0,"comment_status":"closed","ping_status":"closed","template":"","meta":{"footnotes":""},"class_list":["post-5547","page","type-page","status-publish","hentry"],"yoast_head":"<!-- This site is optimized with the Yoast SEO plugin v27.4 - https:\/\/yoast.com\/product\/yoast-seo-wordpress\/ -->\n<title>FAQ - Lehtoranta Villat<\/title>\n<meta name=\"description\" content=\"L\u00f6yd\u00e4 vastaukset usein kysyttyihin kysymyksiin Lehtoranta Villasta. Kaikki mit\u00e4 sinun tarvitsee tiet\u00e4\u00e4 vierailusta ja palveluistamme.\" \/>\n<meta name=\"robots\" content=\"index, follow, max-snippet:-1, max-image-preview:large, max-video-preview:-1\" \/>\n<link rel=\"canonical\" href=\"https:\/\/lehtorantavillas.com\/en\/about\/faq\/\" \/>\n<meta property=\"og:locale\" content=\"en_US\" \/>\n<meta property=\"og:type\" content=\"article\" \/>\n<meta property=\"og:title\" content=\"FAQ - Lehtoranta Villat\" \/>\n<meta property=\"og:description\" content=\"L\u00f6yd\u00e4 vastaukset usein kysyttyihin kysymyksiin Lehtoranta Villasta. Kaikki mit\u00e4 sinun tarvitsee tiet\u00e4\u00e4 vierailusta ja palveluistamme.\" \/>\n<meta property=\"og:url\" content=\"https:\/\/lehtorantavillas.com\/en\/about\/faq\/\" \/>\n<meta property=\"og:site_name\" content=\"Lehtoranta Villat\" \/>\n<meta property=\"article:modified_time\" content=\"2026-04-14T16:28:20+00:00\" \/>\n<meta name=\"twitter:card\" content=\"summary_large_image\" \/>\n<meta name=\"twitter:label1\" content=\"Est. reading time\" \/>\n\t<meta name=\"twitter:data1\" content=\"3 minutes\" \/>\n<script type=\"application\/ld+json\" class=\"yoast-schema-graph\">{\"@context\":\"https:\\\/\\\/schema.org\",\"@graph\":[{\"@type\":\"WebPage\",\"@id\":\"https:\\\/\\\/lehtorantavillas.com\\\/meista\\\/faq\\\/\",\"url\":\"https:\\\/\\\/lehtorantavillas.com\\\/meista\\\/faq\\\/\",\"name\":\"FAQ - Lehtoranta Villat\",\"isPartOf\":{\"@id\":\"https:\\\/\\\/lehtorantavillas.com\\\/#website\"},\"datePublished\":\"2024-07-31T09:17:49+00:00\",\"dateModified\":\"2026-04-14T16:28:20+00:00\",\"description\":\"L\u00f6yd\u00e4 vastaukset usein kysyttyihin kysymyksiin Lehtoranta Villasta. Kaikki mit\u00e4 sinun tarvitsee tiet\u00e4\u00e4 vierailusta ja palveluistamme.\",\"breadcrumb\":{\"@id\":\"https:\\\/\\\/lehtorantavillas.com\\\/meista\\\/faq\\\/#breadcrumb\"},\"inLanguage\":\"en-US\",\"potentialAction\":[{\"@type\":\"ReadAction\",\"target\":[\"https:\\\/\\\/lehtorantavillas.com\\\/meista\\\/faq\\\/\"]}]},{\"@type\":\"BreadcrumbList\",\"@id\":\"https:\\\/\\\/lehtorantavillas.com\\\/meista\\\/faq\\\/#breadcrumb\",\"itemListElement\":[{\"@type\":\"ListItem\",\"position\":1,\"name\":\"Etusivu\",\"item\":\"https:\\\/\\\/lehtorantavillas.com\\\/\"},{\"@type\":\"ListItem\",\"position\":2,\"name\":\"Meist\u00e4\",\"item\":\"https:\\\/\\\/lehtorantavillas.com\\\/meista\\\/\"},{\"@type\":\"ListItem\",\"position\":3,\"name\":\"FAQ\"}]},{\"@type\":\"WebSite\",\"@id\":\"https:\\\/\\\/lehtorantavillas.com\\\/#website\",\"url\":\"https:\\\/\\\/lehtorantavillas.com\\\/\",\"name\":\"Lehtoranta Villat\",\"description\":\"\",\"publisher\":{\"@id\":\"https:\\\/\\\/lehtorantavillas.com\\\/#organization\"},\"potentialAction\":[{\"@type\":\"SearchAction\",\"target\":{\"@type\":\"EntryPoint\",\"urlTemplate\":\"https:\\\/\\\/lehtorantavillas.com\\\/?s={search_term_string}\"},\"query-input\":{\"@type\":\"PropertyValueSpecification\",\"valueRequired\":true,\"valueName\":\"search_term_string\"}}],\"inLanguage\":\"en-US\"},{\"@type\":\"Organization\",\"@id\":\"https:\\\/\\\/lehtorantavillas.com\\\/#organization\",\"name\":\"Lehtoranta Villat\",\"url\":\"https:\\\/\\\/lehtorantavillas.com\\\/\",\"logo\":{\"@type\":\"ImageObject\",\"inLanguage\":\"en-US\",\"@id\":\"https:\\\/\\\/lehtorantavillas.com\\\/#\\\/schema\\\/logo\\\/image\\\/\",\"url\":\"https:\\\/\\\/lehtorantavillas.com\\\/wp-content\\\/uploads\\\/2025\\\/03\\\/Artboard-2_1.png\",\"contentUrl\":\"https:\\\/\\\/lehtorantavillas.com\\\/wp-content\\\/uploads\\\/2025\\\/03\\\/Artboard-2_1.png\",\"width\":1737,\"height\":696,\"caption\":\"Lehtoranta Villat\"},\"image\":{\"@id\":\"https:\\\/\\\/lehtorantavillas.com\\\/#\\\/schema\\\/logo\\\/image\\\/\"}}]}<\/script>\n<!-- \/ Yoast SEO plugin. -->","yoast_head_json":{"title":"FAQ - Lehtoranta Villat","description":"Find answers to frequently asked questions about Lehtoranta Villas. Everything you need to know about your visit and our services.","robots":{"index":"index","follow":"follow","max-snippet":"max-snippet:-1","max-image-preview":"max-image-preview:large","max-video-preview":"max-video-preview:-1"},"canonical":"https:\/\/lehtorantavillas.com\/en\/about\/faq\/","og_locale":"en_US","og_type":"article","og_title":"FAQ - Lehtoranta Villat","og_description":"L\u00f6yd\u00e4 vastaukset usein kysyttyihin kysymyksiin Lehtoranta Villasta. Kaikki mit\u00e4 sinun tarvitsee tiet\u00e4\u00e4 vierailusta ja palveluistamme.","og_url":"https:\/\/lehtorantavillas.com\/en\/about\/faq\/","og_site_name":"Lehtoranta Villat","article_modified_time":"2026-04-14T16:28:20+00:00","twitter_card":"summary_large_image","twitter_misc":{"Est. reading time":"3 minutes"},"schema":{"@context":"https:\/\/schema.org","@graph":[{"@type":"WebPage","@id":"https:\/\/lehtorantavillas.com\/meista\/faq\/","url":"https:\/\/lehtorantavillas.com\/meista\/faq\/","name":"FAQ - Lehtoranta Villat","isPartOf":{"@id":"https:\/\/lehtorantavillas.com\/#website"},"datePublished":"2024-07-31T09:17:49+00:00","dateModified":"2026-04-14T16:28:20+00:00","description":"Find answers to frequently asked questions about Lehtoranta Villas. Everything you need to know about your visit and our services.","breadcrumb":{"@id":"https:\/\/lehtorantavillas.com\/meista\/faq\/#breadcrumb"},"inLanguage":"en-US","potentialAction":[{"@type":"ReadAction","target":["https:\/\/lehtorantavillas.com\/meista\/faq\/"]}]},{"@type":"BreadcrumbList","@id":"https:\/\/lehtorantavillas.com\/meista\/faq\/#breadcrumb","itemListElement":[{"@type":"ListItem","position":1,"name":"Etusivu","item":"https:\/\/lehtorantavillas.com\/"},{"@type":"ListItem","position":2,"name":"Meist\u00e4","item":"https:\/\/lehtorantavillas.com\/meista\/"},{"@type":"ListItem","position":3,"name":"FAQ"}]},{"@type":"WebSite","@id":"https:\/\/lehtorantavillas.com\/#website","url":"https:\/\/lehtorantavillas.com\/","name":"Lehtoranta Villas","description":"","publisher":{"@id":"https:\/\/lehtorantavillas.com\/#organization"},"potentialAction":[{"@type":"SearchAction","target":{"@type":"EntryPoint","urlTemplate":"https:\/\/lehtorantavillas.com\/?s={search_term_string}"},"query-input":{"@type":"PropertyValueSpecification","valueRequired":true,"valueName":"search_term_string"}}],"inLanguage":"en-US"},{"@type":"Organization","@id":"https:\/\/lehtorantavillas.com\/#organization","name":"Lehtoranta Villas","url":"https:\/\/lehtorantavillas.com\/","logo":{"@type":"ImageObject","inLanguage":"en-US","@id":"https:\/\/lehtorantavillas.com\/#\/schema\/logo\/image\/","url":"https:\/\/lehtorantavillas.com\/wp-content\/uploads\/2025\/03\/Artboard-2_1.png","contentUrl":"https:\/\/lehtorantavillas.com\/wp-content\/uploads\/2025\/03\/Artboard-2_1.png","width":1737,"height":696,"caption":"Lehtoranta Villat"},"image":{"@id":"https:\/\/lehtorantavillas.com\/#\/schema\/logo\/image\/"}}]}},"_links":{"self":[{"href":"https:\/\/lehtorantavillas.com\/en\/wp-json\/wp\/v2\/pages\/5547","targetHints":{"allow":["GET"]}}],"collection":[{"href":"https:\/\/lehtorantavillas.com\/en\/wp-json\/wp\/v2\/pages"}],"about":[{"href":"https:\/\/lehtorantavillas.com\/en\/wp-json\/wp\/v2\/types\/page"}],"author":[{"embeddable":true,"href":"https:\/\/lehtorantavillas.com\/en\/wp-json\/wp\/v2\/users\/1"}],"replies":[{"embeddable":true,"href":"https:\/\/lehtorantavillas.com\/en\/wp-json\/wp\/v2\/comments?post=5547"}],"version-history":[{"count":1,"href":"https:\/\/lehtorantavillas.com\/en\/wp-json\/wp\/v2\/pages\/5547\/revisions"}],"predecessor-version":[{"id":5548,"href":"https:\/\/lehtorantavillas.com\/en\/wp-json\/wp\/v2\/pages\/5547\/revisions\/5548"}],"up":[{"embeddable":true,"href":"https:\/\/lehtorantavillas.com\/en\/wp-json\/wp\/v2\/pages\/4314"}],"wp:attachment":[{"href":"https:\/\/lehtorantavillas.com\/en\/wp-json\/wp\/v2\/media?parent=5547"}],"curies":[{"name":"wp","href":"https:\/\/api.w.org\/{rel}","templated":true}]}}