{"id":5375,"date":"2024-05-24T18:15:34","date_gmt":"2024-05-24T18:15:34","guid":{"rendered":"https:\/\/lehtorantavillas.com\/?page_id=5375"},"modified":"2024-12-08T16:40:04","modified_gmt":"2024-12-08T14:40:04","slug":"villa-helyla","status":"publish","type":"page","link":"https:\/\/lehtorantavillas.com\/en\/premium-huvilat\/villa-helyla\/","title":{"rendered":"Villa Helyl\u00e4"},"content":{"rendered":"","protected":false},"excerpt":{"rendered":"","protected":false},"author":1,"featured_media":0,"parent":5398,"menu_order":0,"comment_status":"closed","ping_status":"closed","template":"","meta":{"footnotes":""},"class_list":["post-5375","page","type-page","status-publish","hentry"],"yoast_head":"<!-- This site is optimized with the Yoast SEO plugin v27.4 - https:\/\/yoast.com\/product\/yoast-seo-wordpress\/ -->\n<title>Villa Helyl\u00e4 - Lehtoranta Villat<\/title>\n<meta name=\"description\" content=\"Villa Helyl\u00e4 tarjoaa viihtyis\u00e4n premium-loman omalla rannalla, puusaunalla ja ulkopaljulla. T\u00e4ydellinen paikka rentoutua luonnon keskell\u00e4 Jyv\u00e4skyl\u00e4n l\u00e4hell\u00e4.\" \/>\n<meta name=\"robots\" content=\"index, follow, max-snippet:-1, max-image-preview:large, max-video-preview:-1\" \/>\n<link rel=\"canonical\" href=\"https:\/\/lehtorantavillas.com\/en\/premium-villas\/villa-helyla\/\" \/>\n<meta property=\"og:locale\" content=\"en_US\" \/>\n<meta property=\"og:type\" content=\"article\" \/>\n<meta property=\"og:title\" content=\"Villa Helyl\u00e4 - Lehtoranta Villat\" \/>\n<meta property=\"og:description\" content=\"Villa Helyl\u00e4 tarjoaa viihtyis\u00e4n premium-loman omalla rannalla, puusaunalla ja ulkopaljulla. T\u00e4ydellinen paikka rentoutua luonnon keskell\u00e4 Jyv\u00e4skyl\u00e4n l\u00e4hell\u00e4.\" \/>\n<meta property=\"og:url\" content=\"https:\/\/lehtorantavillas.com\/en\/premium-villas\/villa-helyla\/\" \/>\n<meta property=\"og:site_name\" content=\"Lehtoranta Villat\" \/>\n<meta property=\"article:modified_time\" content=\"2024-12-08T14:40:04+00:00\" \/>\n<meta name=\"twitter:card\" content=\"summary_large_image\" \/>\n<script type=\"application\/ld+json\" class=\"yoast-schema-graph\">{\"@context\":\"https:\\\/\\\/schema.org\",\"@graph\":[{\"@type\":\"WebPage\",\"@id\":\"https:\\\/\\\/lehtorantavillas.com\\\/premium-huvilat\\\/villa-helyla\\\/\",\"url\":\"https:\\\/\\\/lehtorantavillas.com\\\/premium-huvilat\\\/villa-helyla\\\/\",\"name\":\"Villa Helyl\u00e4 - Lehtoranta Villat\",\"isPartOf\":{\"@id\":\"https:\\\/\\\/lehtorantavillas.com\\\/#website\"},\"datePublished\":\"2024-05-24T18:15:34+00:00\",\"dateModified\":\"2024-12-08T14:40:04+00:00\",\"description\":\"Villa Helyl\u00e4 tarjoaa viihtyis\u00e4n premium-loman omalla rannalla, puusaunalla ja ulkopaljulla. T\u00e4ydellinen paikka rentoutua luonnon keskell\u00e4 Jyv\u00e4skyl\u00e4n l\u00e4hell\u00e4.\",\"breadcrumb\":{\"@id\":\"https:\\\/\\\/lehtorantavillas.com\\\/premium-huvilat\\\/villa-helyla\\\/#breadcrumb\"},\"inLanguage\":\"en-US\",\"potentialAction\":[{\"@type\":\"ReadAction\",\"target\":[\"https:\\\/\\\/lehtorantavillas.com\\\/premium-huvilat\\\/villa-helyla\\\/\"]}]},{\"@type\":\"BreadcrumbList\",\"@id\":\"https:\\\/\\\/lehtorantavillas.com\\\/premium-huvilat\\\/villa-helyla\\\/#breadcrumb\",\"itemListElement\":[{\"@type\":\"ListItem\",\"position\":1,\"name\":\"Etusivu\",\"item\":\"https:\\\/\\\/lehtorantavillas.com\\\/\"},{\"@type\":\"ListItem\",\"position\":2,\"name\":\"Villamme \u2013 Lehtoranta Villas Premium-huvilat j\u00e4rven rannalla\",\"item\":\"https:\\\/\\\/lehtorantavillas.com\\\/premium-huvilat\\\/\"},{\"@type\":\"ListItem\",\"position\":3,\"name\":\"Villa Helyl\u00e4\"}]},{\"@type\":\"WebSite\",\"@id\":\"https:\\\/\\\/lehtorantavillas.com\\\/#website\",\"url\":\"https:\\\/\\\/lehtorantavillas.com\\\/\",\"name\":\"Lehtoranta Villat\",\"description\":\"\",\"publisher\":{\"@id\":\"https:\\\/\\\/lehtorantavillas.com\\\/#organization\"},\"potentialAction\":[{\"@type\":\"SearchAction\",\"target\":{\"@type\":\"EntryPoint\",\"urlTemplate\":\"https:\\\/\\\/lehtorantavillas.com\\\/?s={search_term_string}\"},\"query-input\":{\"@type\":\"PropertyValueSpecification\",\"valueRequired\":true,\"valueName\":\"search_term_string\"}}],\"inLanguage\":\"en-US\"},{\"@type\":\"Organization\",\"@id\":\"https:\\\/\\\/lehtorantavillas.com\\\/#organization\",\"name\":\"Lehtoranta Villat\",\"url\":\"https:\\\/\\\/lehtorantavillas.com\\\/\",\"logo\":{\"@type\":\"ImageObject\",\"inLanguage\":\"en-US\",\"@id\":\"https:\\\/\\\/lehtorantavillas.com\\\/#\\\/schema\\\/logo\\\/image\\\/\",\"url\":\"https:\\\/\\\/lehtorantavillas.com\\\/wp-content\\\/uploads\\\/2025\\\/03\\\/Artboard-2_1.png\",\"contentUrl\":\"https:\\\/\\\/lehtorantavillas.com\\\/wp-content\\\/uploads\\\/2025\\\/03\\\/Artboard-2_1.png\",\"width\":1737,\"height\":696,\"caption\":\"Lehtoranta Villat\"},\"image\":{\"@id\":\"https:\\\/\\\/lehtorantavillas.com\\\/#\\\/schema\\\/logo\\\/image\\\/\"}}]}<\/script>\n<!-- \/ Yoast SEO plugin. -->","yoast_head_json":{"title":"Villa Helyl\u00e4 - Lehtoranta Villat","description":"Villa Helyl\u00e4 offers a cozy premium vacation with a private beach, wood-heated sauna, and outdoor hot tub. A perfect place to relax in the heart of nature near Jyv\u00e4skyl\u00e4.","robots":{"index":"index","follow":"follow","max-snippet":"max-snippet:-1","max-image-preview":"max-image-preview:large","max-video-preview":"max-video-preview:-1"},"canonical":"https:\/\/lehtorantavillas.com\/en\/premium-villas\/villa-helyla\/","og_locale":"en_US","og_type":"article","og_title":"Villa Helyl\u00e4 - Lehtoranta Villat","og_description":"Villa Helyl\u00e4 tarjoaa viihtyis\u00e4n premium-loman omalla rannalla, puusaunalla ja ulkopaljulla. T\u00e4ydellinen paikka rentoutua luonnon keskell\u00e4 Jyv\u00e4skyl\u00e4n l\u00e4hell\u00e4.","og_url":"https:\/\/lehtorantavillas.com\/en\/premium-villas\/villa-helyla\/","og_site_name":"Lehtoranta Villat","article_modified_time":"2024-12-08T14:40:04+00:00","twitter_card":"summary_large_image","schema":{"@context":"https:\/\/schema.org","@graph":[{"@type":"WebPage","@id":"https:\/\/lehtorantavillas.com\/premium-huvilat\/villa-helyla\/","url":"https:\/\/lehtorantavillas.com\/premium-huvilat\/villa-helyla\/","name":"Villa Helyl\u00e4 - Lehtoranta Villat","isPartOf":{"@id":"https:\/\/lehtorantavillas.com\/#website"},"datePublished":"2024-05-24T18:15:34+00:00","dateModified":"2024-12-08T14:40:04+00:00","description":"Villa Helyl\u00e4 offers a cozy premium vacation with a private beach, wood-heated sauna, and outdoor hot tub. A perfect place to relax in the heart of nature near Jyv\u00e4skyl\u00e4.","breadcrumb":{"@id":"https:\/\/lehtorantavillas.com\/premium-huvilat\/villa-helyla\/#breadcrumb"},"inLanguage":"en-US","potentialAction":[{"@type":"ReadAction","target":["https:\/\/lehtorantavillas.com\/premium-huvilat\/villa-helyla\/"]}]},{"@type":"BreadcrumbList","@id":"https:\/\/lehtorantavillas.com\/premium-huvilat\/villa-helyla\/#breadcrumb","itemListElement":[{"@type":"ListItem","position":1,"name":"Etusivu","item":"https:\/\/lehtorantavillas.com\/"},{"@type":"ListItem","position":2,"name":"Villamme \u2013 Lehtoranta Villas Premium-huvilat j\u00e4rven rannalla","item":"https:\/\/lehtorantavillas.com\/premium-huvilat\/"},{"@type":"ListItem","position":3,"name":"Villa Helyl\u00e4"}]},{"@type":"WebSite","@id":"https:\/\/lehtorantavillas.com\/#website","url":"https:\/\/lehtorantavillas.com\/","name":"Lehtoranta Villas","description":"","publisher":{"@id":"https:\/\/lehtorantavillas.com\/#organization"},"potentialAction":[{"@type":"SearchAction","target":{"@type":"EntryPoint","urlTemplate":"https:\/\/lehtorantavillas.com\/?s={search_term_string}"},"query-input":{"@type":"PropertyValueSpecification","valueRequired":true,"valueName":"search_term_string"}}],"inLanguage":"en-US"},{"@type":"Organization","@id":"https:\/\/lehtorantavillas.com\/#organization","name":"Lehtoranta Villas","url":"https:\/\/lehtorantavillas.com\/","logo":{"@type":"ImageObject","inLanguage":"en-US","@id":"https:\/\/lehtorantavillas.com\/#\/schema\/logo\/image\/","url":"https:\/\/lehtorantavillas.com\/wp-content\/uploads\/2025\/03\/Artboard-2_1.png","contentUrl":"https:\/\/lehtorantavillas.com\/wp-content\/uploads\/2025\/03\/Artboard-2_1.png","width":1737,"height":696,"caption":"Lehtoranta Villat"},"image":{"@id":"https:\/\/lehtorantavillas.com\/#\/schema\/logo\/image\/"}}]}},"_links":{"self":[{"href":"https:\/\/lehtorantavillas.com\/en\/wp-json\/wp\/v2\/pages\/5375","targetHints":{"allow":["GET"]}}],"collection":[{"href":"https:\/\/lehtorantavillas.com\/en\/wp-json\/wp\/v2\/pages"}],"about":[{"href":"https:\/\/lehtorantavillas.com\/en\/wp-json\/wp\/v2\/types\/page"}],"author":[{"embeddable":true,"href":"https:\/\/lehtorantavillas.com\/en\/wp-json\/wp\/v2\/users\/1"}],"replies":[{"embeddable":true,"href":"https:\/\/lehtorantavillas.com\/en\/wp-json\/wp\/v2\/comments?post=5375"}],"version-history":[{"count":1,"href":"https:\/\/lehtorantavillas.com\/en\/wp-json\/wp\/v2\/pages\/5375\/revisions"}],"predecessor-version":[{"id":5393,"href":"https:\/\/lehtorantavillas.com\/en\/wp-json\/wp\/v2\/pages\/5375\/revisions\/5393"}],"up":[{"embeddable":true,"href":"https:\/\/lehtorantavillas.com\/en\/wp-json\/wp\/v2\/pages\/5398"}],"wp:attachment":[{"href":"https:\/\/lehtorantavillas.com\/en\/wp-json\/wp\/v2\/media?parent=5375"}],"curies":[{"name":"wp","href":"https:\/\/api.w.org\/{rel}","templated":true}]}}