{"id":5366,"date":"2024-05-24T17:49:08","date_gmt":"2024-05-24T17:49:08","guid":{"rendered":"https:\/\/lehtorantavillas.com\/?page_id=5366"},"modified":"2024-12-10T18:21:23","modified_gmt":"2024-12-10T16:21:23","slug":"elamyspaketit","status":"publish","type":"page","link":"https:\/\/lehtorantavillas.com\/de\/elamyspaketit\/","title":{"rendered":"El\u00e4myspaketit"},"content":{"rendered":"","protected":false},"excerpt":{"rendered":"","protected":false},"author":1,"featured_media":0,"parent":0,"menu_order":0,"comment_status":"closed","ping_status":"closed","template":"","meta":{"footnotes":""},"class_list":["post-5366","page","type-page","status-publish","hentry"],"yoast_head":"<!-- This site is optimized with the Yoast SEO plugin v27.4 - https:\/\/yoast.com\/product\/yoast-seo-wordpress\/ -->\n<title>El\u00e4myspaketit - Lehtoranta Villat<\/title>\n<meta name=\"description\" content=\"Tutustu Lehtoranta Villasin el\u00e4myspaketteihin! Tarjoamme monipuolisia aktiviteetteja ja palveluita rentoutumiseen, hyvinvointiin ja luontoel\u00e4myksiin Jyv\u00e4skyl\u00e4n l\u00e4hell\u00e4.\" \/>\n<meta name=\"robots\" content=\"index, follow, max-snippet:-1, max-image-preview:large, max-video-preview:-1\" \/>\n<link rel=\"canonical\" href=\"https:\/\/lehtorantavillas.com\/de\/elamyspaketit\/\" \/>\n<meta property=\"og:locale\" content=\"de_DE\" \/>\n<meta property=\"og:type\" content=\"article\" \/>\n<meta property=\"og:title\" content=\"El\u00e4myspaketit - Lehtoranta Villat\" \/>\n<meta property=\"og:description\" content=\"Tutustu Lehtoranta Villasin el\u00e4myspaketteihin! Tarjoamme monipuolisia aktiviteetteja ja palveluita rentoutumiseen, hyvinvointiin ja luontoel\u00e4myksiin Jyv\u00e4skyl\u00e4n l\u00e4hell\u00e4.\" \/>\n<meta property=\"og:url\" content=\"https:\/\/lehtorantavillas.com\/de\/elamyspaketit\/\" \/>\n<meta property=\"og:site_name\" content=\"Lehtoranta Villat\" \/>\n<meta property=\"article:modified_time\" content=\"2024-12-10T16:21:23+00:00\" \/>\n<meta name=\"twitter:card\" content=\"summary_large_image\" \/>\n<script type=\"application\/ld+json\" class=\"yoast-schema-graph\">{\"@context\":\"https:\\\/\\\/schema.org\",\"@graph\":[{\"@type\":\"WebPage\",\"@id\":\"https:\\\/\\\/lehtorantavillas.com\\\/elamyspaketit\\\/\",\"url\":\"https:\\\/\\\/lehtorantavillas.com\\\/elamyspaketit\\\/\",\"name\":\"El\u00e4myspaketit - Lehtoranta Villat\",\"isPartOf\":{\"@id\":\"https:\\\/\\\/lehtorantavillas.com\\\/#website\"},\"datePublished\":\"2024-05-24T17:49:08+00:00\",\"dateModified\":\"2024-12-10T16:21:23+00:00\",\"description\":\"Tutustu Lehtoranta Villasin el\u00e4myspaketteihin! Tarjoamme monipuolisia aktiviteetteja ja palveluita rentoutumiseen, hyvinvointiin ja luontoel\u00e4myksiin Jyv\u00e4skyl\u00e4n l\u00e4hell\u00e4.\",\"breadcrumb\":{\"@id\":\"https:\\\/\\\/lehtorantavillas.com\\\/elamyspaketit\\\/#breadcrumb\"},\"inLanguage\":\"de\",\"potentialAction\":[{\"@type\":\"ReadAction\",\"target\":[\"https:\\\/\\\/lehtorantavillas.com\\\/elamyspaketit\\\/\"]}]},{\"@type\":\"BreadcrumbList\",\"@id\":\"https:\\\/\\\/lehtorantavillas.com\\\/elamyspaketit\\\/#breadcrumb\",\"itemListElement\":[{\"@type\":\"ListItem\",\"position\":1,\"name\":\"Etusivu\",\"item\":\"https:\\\/\\\/lehtorantavillas.com\\\/\"},{\"@type\":\"ListItem\",\"position\":2,\"name\":\"El\u00e4myspaketit\"}]},{\"@type\":\"WebSite\",\"@id\":\"https:\\\/\\\/lehtorantavillas.com\\\/#website\",\"url\":\"https:\\\/\\\/lehtorantavillas.com\\\/\",\"name\":\"Lehtoranta Villat\",\"description\":\"\",\"publisher\":{\"@id\":\"https:\\\/\\\/lehtorantavillas.com\\\/#organization\"},\"potentialAction\":[{\"@type\":\"SearchAction\",\"target\":{\"@type\":\"EntryPoint\",\"urlTemplate\":\"https:\\\/\\\/lehtorantavillas.com\\\/?s={search_term_string}\"},\"query-input\":{\"@type\":\"PropertyValueSpecification\",\"valueRequired\":true,\"valueName\":\"search_term_string\"}}],\"inLanguage\":\"de\"},{\"@type\":\"Organization\",\"@id\":\"https:\\\/\\\/lehtorantavillas.com\\\/#organization\",\"name\":\"Lehtoranta Villat\",\"url\":\"https:\\\/\\\/lehtorantavillas.com\\\/\",\"logo\":{\"@type\":\"ImageObject\",\"inLanguage\":\"de\",\"@id\":\"https:\\\/\\\/lehtorantavillas.com\\\/#\\\/schema\\\/logo\\\/image\\\/\",\"url\":\"https:\\\/\\\/lehtorantavillas.com\\\/wp-content\\\/uploads\\\/2025\\\/03\\\/Artboard-2_1.png\",\"contentUrl\":\"https:\\\/\\\/lehtorantavillas.com\\\/wp-content\\\/uploads\\\/2025\\\/03\\\/Artboard-2_1.png\",\"width\":1737,\"height\":696,\"caption\":\"Lehtoranta Villat\"},\"image\":{\"@id\":\"https:\\\/\\\/lehtorantavillas.com\\\/#\\\/schema\\\/logo\\\/image\\\/\"}}]}<\/script>\n<!-- \/ Yoast SEO plugin. -->","yoast_head_json":{"title":"El\u00e4myspaketit - Lehtoranta Villat","description":"Tutustu Lehtoranta Villasin el\u00e4myspaketteihin! Tarjoamme monipuolisia aktiviteetteja ja palveluita rentoutumiseen, hyvinvointiin ja luontoel\u00e4myksiin Jyv\u00e4skyl\u00e4n l\u00e4hell\u00e4.","robots":{"index":"index","follow":"follow","max-snippet":"max-snippet:-1","max-image-preview":"max-image-preview:large","max-video-preview":"max-video-preview:-1"},"canonical":"https:\/\/lehtorantavillas.com\/de\/elamyspaketit\/","og_locale":"de_DE","og_type":"article","og_title":"El\u00e4myspaketit - Lehtoranta Villat","og_description":"Tutustu Lehtoranta Villasin el\u00e4myspaketteihin! Tarjoamme monipuolisia aktiviteetteja ja palveluita rentoutumiseen, hyvinvointiin ja luontoel\u00e4myksiin Jyv\u00e4skyl\u00e4n l\u00e4hell\u00e4.","og_url":"https:\/\/lehtorantavillas.com\/de\/elamyspaketit\/","og_site_name":"Lehtoranta Villat","article_modified_time":"2024-12-10T16:21:23+00:00","twitter_card":"summary_large_image","schema":{"@context":"https:\/\/schema.org","@graph":[{"@type":"WebPage","@id":"https:\/\/lehtorantavillas.com\/elamyspaketit\/","url":"https:\/\/lehtorantavillas.com\/elamyspaketit\/","name":"El\u00e4myspaketit - Lehtoranta Villat","isPartOf":{"@id":"https:\/\/lehtorantavillas.com\/#website"},"datePublished":"2024-05-24T17:49:08+00:00","dateModified":"2024-12-10T16:21:23+00:00","description":"Tutustu Lehtoranta Villasin el\u00e4myspaketteihin! Tarjoamme monipuolisia aktiviteetteja ja palveluita rentoutumiseen, hyvinvointiin ja luontoel\u00e4myksiin Jyv\u00e4skyl\u00e4n l\u00e4hell\u00e4.","breadcrumb":{"@id":"https:\/\/lehtorantavillas.com\/elamyspaketit\/#breadcrumb"},"inLanguage":"de","potentialAction":[{"@type":"ReadAction","target":["https:\/\/lehtorantavillas.com\/elamyspaketit\/"]}]},{"@type":"BreadcrumbList","@id":"https:\/\/lehtorantavillas.com\/elamyspaketit\/#breadcrumb","itemListElement":[{"@type":"ListItem","position":1,"name":"Etusivu","item":"https:\/\/lehtorantavillas.com\/"},{"@type":"ListItem","position":2,"name":"El\u00e4myspaketit"}]},{"@type":"WebSite","@id":"https:\/\/lehtorantavillas.com\/#website","url":"https:\/\/lehtorantavillas.com\/","name":"Lehtoranta Villat","description":"","publisher":{"@id":"https:\/\/lehtorantavillas.com\/#organization"},"potentialAction":[{"@type":"SearchAction","target":{"@type":"EntryPoint","urlTemplate":"https:\/\/lehtorantavillas.com\/?s={search_term_string}"},"query-input":{"@type":"PropertyValueSpecification","valueRequired":true,"valueName":"search_term_string"}}],"inLanguage":"de"},{"@type":"Organization","@id":"https:\/\/lehtorantavillas.com\/#organization","name":"Lehtoranta Villat","url":"https:\/\/lehtorantavillas.com\/","logo":{"@type":"ImageObject","inLanguage":"de","@id":"https:\/\/lehtorantavillas.com\/#\/schema\/logo\/image\/","url":"https:\/\/lehtorantavillas.com\/wp-content\/uploads\/2025\/03\/Artboard-2_1.png","contentUrl":"https:\/\/lehtorantavillas.com\/wp-content\/uploads\/2025\/03\/Artboard-2_1.png","width":1737,"height":696,"caption":"Lehtoranta Villat"},"image":{"@id":"https:\/\/lehtorantavillas.com\/#\/schema\/logo\/image\/"}}]}},"_links":{"self":[{"href":"https:\/\/lehtorantavillas.com\/de\/wp-json\/wp\/v2\/pages\/5366","targetHints":{"allow":["GET"]}}],"collection":[{"href":"https:\/\/lehtorantavillas.com\/de\/wp-json\/wp\/v2\/pages"}],"about":[{"href":"https:\/\/lehtorantavillas.com\/de\/wp-json\/wp\/v2\/types\/page"}],"author":[{"embeddable":true,"href":"https:\/\/lehtorantavillas.com\/de\/wp-json\/wp\/v2\/users\/1"}],"replies":[{"embeddable":true,"href":"https:\/\/lehtorantavillas.com\/de\/wp-json\/wp\/v2\/comments?post=5366"}],"version-history":[{"count":1,"href":"https:\/\/lehtorantavillas.com\/de\/wp-json\/wp\/v2\/pages\/5366\/revisions"}],"predecessor-version":[{"id":5368,"href":"https:\/\/lehtorantavillas.com\/de\/wp-json\/wp\/v2\/pages\/5366\/revisions\/5368"}],"wp:attachment":[{"href":"https:\/\/lehtorantavillas.com\/de\/wp-json\/wp\/v2\/media?parent=5366"}],"curies":[{"name":"wp","href":"https:\/\/api.w.org\/{rel}","templated":true}]}}